{"id":52,"date":"2015-11-21T17:33:35","date_gmt":"2015-11-21T16:33:35","guid":{"rendered":"http:\/\/www.swampconspiracy.org\/?page_id=52"},"modified":"2026-02-20T11:54:18","modified_gmt":"2026-02-20T10:54:18","slug":"partner","status":"publish","type":"page","link":"https:\/\/www.swampconspiracy.org\/en\/about\/partner\/","title":{"rendered":"Partner"},"content":{"rendered":"<div class=\"wp-block-stackable-columns stk-block-columns stk-block stk-6de1fe1\" data-block-id=\"6de1fe1\"><div class=\"stk-row stk-inner-blocks stk-block-content stk-content-align stk-6de1fe1-column\">\n<div class=\"wp-block-stackable-column stk-block-column stk-column stk-block stk-3bd09f6\" data-v=\"4\" data-block-id=\"3bd09f6\"><div class=\"stk-column-wrapper stk-block-column__content stk-container stk-3bd09f6-container stk--no-background stk--no-padding\"><div class=\"stk-block-content stk-inner-blocks stk-3bd09f6-inner-blocks\"><\/div><\/div><\/div>\n<\/div><\/div>\n\n\n\n<div class=\"wp-block-stackable-feature-grid alignwide stk-block-feature-grid stk-block-columns stk-block stk-b377ced is-style-default\" data-block-id=\"b377ced\"><div class=\"stk-row stk-inner-blocks has-text-align-center stk-block-content stk-content-align stk-b377ced-column alignwide\">\n<div class=\"wp-block-stackable-column stk-block-column stk-column stk-block stk-6890e7f\" data-v=\"4\" data-block-id=\"6890e7f\"><style>.stk-6890e7f-container{background-color:#000000 !important;}.stk-6890e7f-container:before{background-color:#000000 !important;}@media screen and (max-width:999px){.stk-6890e7f-container{margin-top:var(--stk--preset--spacing--none, 0px) !important;margin-right:var(--stk--preset--spacing--none, 0px) !important;margin-bottom:var(--stk--preset--spacing--none, 0px) !important;margin-left:var(--stk--preset--spacing--none, 0px) !important;}}<\/style><div class=\"stk-column-wrapper stk-block-column__content stk-container stk-6890e7f-container stk-hover-parent\"><div class=\"stk-block-content stk-inner-blocks stk-6890e7f-inner-blocks\">\n<div class=\"wp-block-stackable-image stk-block-image stk-block stk-72a9552\" data-block-id=\"72a9552\"><figure><span class=\"stk-img-wrapper stk-image--shape-stretch\"><img loading=\"lazy\" decoding=\"async\" class=\"stk-img wp-image-7658\" src=\"https:\/\/www.swampconspiracy.org\/wp-content\/uploads\/2026\/02\/Sepsyz_weiss.png\" width=\"2129\" height=\"2129\" alt=\"kandziora\" srcset=\"https:\/\/www.swampconspiracy.org\/wp-content\/uploads\/2026\/02\/Sepsyz_weiss.png 2129w, https:\/\/www.swampconspiracy.org\/wp-content\/uploads\/2026\/02\/Sepsyz_weiss-300x300.png 300w, https:\/\/www.swampconspiracy.org\/wp-content\/uploads\/2026\/02\/Sepsyz_weiss-1024x1024.png 1024w, https:\/\/www.swampconspiracy.org\/wp-content\/uploads\/2026\/02\/Sepsyz_weiss-150x150.png 150w, https:\/\/www.swampconspiracy.org\/wp-content\/uploads\/2026\/02\/Sepsyz_weiss-768x768.png 768w, https:\/\/www.swampconspiracy.org\/wp-content\/uploads\/2026\/02\/Sepsyz_weiss-1536x1536.png 1536w, https:\/\/www.swampconspiracy.org\/wp-content\/uploads\/2026\/02\/Sepsyz_weiss-2048x2048.png 2048w, https:\/\/www.swampconspiracy.org\/wp-content\/uploads\/2026\/02\/Sepsyz_weiss-12x12.png 12w, https:\/\/www.swampconspiracy.org\/wp-content\/uploads\/2026\/02\/Sepsyz_weiss-600x600.png 600w, https:\/\/www.swampconspiracy.org\/wp-content\/uploads\/2026\/02\/Sepsyz_weiss-100x100.png 100w\" sizes=\"auto, (max-width: 2129px) 100vw, 2129px\" \/><\/span><\/figure><\/div>\n\n\n\n<div class=\"wp-block-stackable-heading stk-block-heading stk-block-heading--v2 stk-block stk-ba3bb88\" id=\"sepsyz\" data-block-id=\"ba3bb88\"><h4 class=\"stk-block-heading__text\">Sepsyz<\/h4><\/div>\n\n\n\n<div class=\"wp-block-stackable-text stk-block-text stk-block stk-ce4712b\" data-block-id=\"ce4712b\"><p class=\"stk-block-text__text\"><\/p><\/div>\n\n\n\n<div class=\"wp-block-stackable-button-group stk-block-button-group stk-block stk-b4b955d\" data-block-id=\"b4b955d\"><div class=\"stk-row stk-inner-blocks stk-block-content stk-button-group\">\n<div class=\"wp-block-stackable-button stk-block-button is-style-plain stk-block stk-2a4dd5d\" data-block-id=\"2a4dd5d\"><style>.stk-2a4dd5d .stk-button{background:transparent !important;}<\/style><a class=\"stk-link stk-button stk--hover-effect-darken\" href=\"https:\/\/www.instagram.com\/sepsyz\/\" title=\"https:\/\/www.instagram.com\/sepsyz\/\" target=\"_blank\" rel=\"https:\/\/www.instagram.com\/sepsyz\/ noreferrer noopener\"><span class=\"stk-button__inner-text\">Website<\/span><\/a><\/div>\n<\/div><\/div>\n<\/div><\/div><\/div>\n\n\n\n<div class=\"wp-block-stackable-column stk-block-column stk-column stk-block stk-d553639\" data-v=\"4\" data-block-id=\"d553639\"><style>.stk-d553639-container{background-color:#000000 !important;}.stk-d553639-container:before{background-color:#000000 !important;}@media screen and (max-width:999px){.stk-d553639-container{margin-top:var(--stk--preset--spacing--none, 0px) !important;margin-right:var(--stk--preset--spacing--none, 0px) !important;margin-bottom:var(--stk--preset--spacing--none, 0px) !important;margin-left:var(--stk--preset--spacing--none, 0px) !important;}}<\/style><div class=\"stk-column-wrapper stk-block-column__content stk-container stk-d553639-container stk-hover-parent\"><div class=\"stk-block-content stk-inner-blocks stk-d553639-inner-blocks\">\n<div class=\"wp-block-stackable-image stk-block-image stk-block stk-979af77\" data-block-id=\"979af77\"><figure><span class=\"stk-img-wrapper stk-image--shape-stretch\"><img loading=\"lazy\" decoding=\"async\" class=\"stk-img wp-image-7659\" src=\"https:\/\/www.swampconspiracy.org\/wp-content\/uploads\/2026\/02\/kandziora-scaled.png\" width=\"2560\" height=\"2560\" alt=\"kandziora\" srcset=\"https:\/\/www.swampconspiracy.org\/wp-content\/uploads\/2026\/02\/kandziora-scaled.png 2560w, https:\/\/www.swampconspiracy.org\/wp-content\/uploads\/2026\/02\/kandziora-300x300.png 300w, https:\/\/www.swampconspiracy.org\/wp-content\/uploads\/2026\/02\/kandziora-1024x1024.png 1024w, https:\/\/www.swampconspiracy.org\/wp-content\/uploads\/2026\/02\/kandziora-150x150.png 150w, https:\/\/www.swampconspiracy.org\/wp-content\/uploads\/2026\/02\/kandziora-768x768.png 768w, https:\/\/www.swampconspiracy.org\/wp-content\/uploads\/2026\/02\/kandziora-1536x1536.png 1536w, https:\/\/www.swampconspiracy.org\/wp-content\/uploads\/2026\/02\/kandziora-2048x2048.png 2048w, https:\/\/www.swampconspiracy.org\/wp-content\/uploads\/2026\/02\/kandziora-12x12.png 12w, https:\/\/www.swampconspiracy.org\/wp-content\/uploads\/2026\/02\/kandziora-600x600.png 600w, https:\/\/www.swampconspiracy.org\/wp-content\/uploads\/2026\/02\/kandziora-100x100.png 100w\" sizes=\"auto, (max-width: 2560px) 100vw, 2560px\" \/><\/span><\/figure><\/div>\n\n\n\n<div class=\"wp-block-stackable-heading stk-block-heading stk-block-heading--v2 stk-block stk-048e3d7\" id=\"kandziora-photo\" data-block-id=\"048e3d7\"><h4 class=\"stk-block-heading__text\">kandziora photo<\/h4><\/div>\n\n\n\n<div class=\"wp-block-stackable-text stk-block-text stk-block stk-3d3109a\" data-block-id=\"3d3109a\"><p class=\"stk-block-text__text\"><\/p><\/div>\n\n\n\n<div class=\"wp-block-stackable-button-group stk-block-button-group stk-block stk-a91b57e\" data-block-id=\"a91b57e\"><div class=\"stk-row stk-inner-blocks stk-block-content stk-button-group\">\n<div class=\"wp-block-stackable-button stk-block-button is-style-plain stk-block stk-495a16e\" data-block-id=\"495a16e\"><style>.stk-495a16e .stk-button{background:transparent !important;}<\/style><a class=\"stk-link stk-button stk--hover-effect-darken\" href=\"https:\/\/kandziora-photo.de\/\" title=\"https:\/\/kandziora-photo.de\/\" target=\"_blank\" rel=\"https:\/\/kandziora-photo.de\/ noreferrer noopener\"><span class=\"stk-button__inner-text\">Website<\/span><\/a><\/div>\n<\/div><\/div>\n<\/div><\/div><\/div>\n\n\n\n<div class=\"wp-block-stackable-column stk-block-column stk-column stk-block stk-5885b00\" data-v=\"4\" data-block-id=\"5885b00\"><style>.stk-5885b00-container{background-color:#000000 !important;}.stk-5885b00-container:before{background-color:#000000 !important;}@media screen and (max-width:999px){.stk-5885b00-container{margin-top:var(--stk--preset--spacing--none, 0px) !important;margin-right:var(--stk--preset--spacing--none, 0px) !important;margin-bottom:var(--stk--preset--spacing--none, 0px) !important;margin-left:var(--stk--preset--spacing--none, 0px) !important;}}<\/style><div class=\"stk-column-wrapper stk-block-column__content stk-container stk-5885b00-container stk-hover-parent\"><div class=\"stk-block-content stk-inner-blocks stk-5885b00-inner-blocks\">\n<div class=\"wp-block-stackable-image stk-block-image stk-block stk-90ae5e3\" data-block-id=\"90ae5e3\"><figure><span class=\"stk-img-wrapper stk-image--shape-stretch\"><img loading=\"lazy\" decoding=\"async\" class=\"stk-img wp-image-7660\" src=\"https:\/\/www.swampconspiracy.org\/wp-content\/uploads\/2026\/02\/Dustown.png\" width=\"1077\" height=\"1077\" alt=\"kandziora\" srcset=\"https:\/\/www.swampconspiracy.org\/wp-content\/uploads\/2026\/02\/Dustown.png 1077w, https:\/\/www.swampconspiracy.org\/wp-content\/uploads\/2026\/02\/Dustown-300x300.png 300w, https:\/\/www.swampconspiracy.org\/wp-content\/uploads\/2026\/02\/Dustown-1024x1024.png 1024w, https:\/\/www.swampconspiracy.org\/wp-content\/uploads\/2026\/02\/Dustown-150x150.png 150w, https:\/\/www.swampconspiracy.org\/wp-content\/uploads\/2026\/02\/Dustown-768x768.png 768w, https:\/\/www.swampconspiracy.org\/wp-content\/uploads\/2026\/02\/Dustown-12x12.png 12w, https:\/\/www.swampconspiracy.org\/wp-content\/uploads\/2026\/02\/Dustown-600x600.png 600w, https:\/\/www.swampconspiracy.org\/wp-content\/uploads\/2026\/02\/Dustown-100x100.png 100w\" sizes=\"auto, (max-width: 1077px) 100vw, 1077px\" \/><\/span><\/figure><\/div>\n\n\n\n<div class=\"wp-block-stackable-heading stk-block-heading stk-block-heading--v2 stk-block stk-1fab209\" id=\"dustown\" data-block-id=\"1fab209\"><h4 class=\"stk-block-heading__text\">Dustown<\/h4><\/div>\n\n\n\n<div class=\"wp-block-stackable-text stk-block-text stk-block stk-31ed859\" data-block-id=\"31ed859\"><p class=\"stk-block-text__text\"><\/p><\/div>\n\n\n\n<div class=\"wp-block-stackable-button-group stk-block-button-group stk-block stk-709f90a\" data-block-id=\"709f90a\"><div class=\"stk-row stk-inner-blocks stk-block-content stk-button-group\">\n<div class=\"wp-block-stackable-button stk-block-button is-style-plain stk-block stk-2fea7b7\" data-block-id=\"2fea7b7\"><style>.stk-2fea7b7 .stk-button{background:transparent !important;}<\/style><a class=\"stk-link stk-button stk--hover-effect-darken\" href=\"https:\/\/dustown.de\/\" title=\"https:\/\/dustown.de\/\" target=\"_blank\" rel=\"https:\/\/dustown.de\/ noreferrer noopener\"><span class=\"stk-button__inner-text\">Website<\/span><\/a><\/div>\n<\/div><\/div>\n<\/div><\/div><\/div>\n\n\n\n<div class=\"wp-block-stackable-column stk-block-column stk-column stk-block stk-65cdf1a\" data-v=\"4\" data-block-id=\"65cdf1a\"><style>.stk-65cdf1a-container{background-color:#000000 !important;}.stk-65cdf1a-container:before{background-color:#000000 !important;}@media screen and (max-width:999px){.stk-65cdf1a-container{margin-top:var(--stk--preset--spacing--none, 0px) !important;margin-right:var(--stk--preset--spacing--none, 0px) !important;margin-bottom:var(--stk--preset--spacing--none, 0px) !important;margin-left:var(--stk--preset--spacing--none, 0px) !important;}}<\/style><div class=\"stk-column-wrapper stk-block-column__content stk-container stk-65cdf1a-container stk-hover-parent\"><div class=\"stk-block-content stk-inner-blocks stk-65cdf1a-inner-blocks\">\n<div class=\"wp-block-stackable-image stk-block-image stk-block stk-c4ae2c9\" data-block-id=\"c4ae2c9\"><figure><span class=\"stk-img-wrapper stk-image--shape-stretch\"><img loading=\"lazy\" decoding=\"async\" class=\"stk-img wp-image-7661\" src=\"https:\/\/www.swampconspiracy.org\/wp-content\/uploads\/2026\/02\/BaerlinPedaelBaettle_inoffiziel_weiss.png\" width=\"1181\" height=\"1181\" alt=\"kandziora\" srcset=\"https:\/\/www.swampconspiracy.org\/wp-content\/uploads\/2026\/02\/BaerlinPedaelBaettle_inoffiziel_weiss.png 1181w, https:\/\/www.swampconspiracy.org\/wp-content\/uploads\/2026\/02\/BaerlinPedaelBaettle_inoffiziel_weiss-300x300.png 300w, https:\/\/www.swampconspiracy.org\/wp-content\/uploads\/2026\/02\/BaerlinPedaelBaettle_inoffiziel_weiss-1024x1024.png 1024w, https:\/\/www.swampconspiracy.org\/wp-content\/uploads\/2026\/02\/BaerlinPedaelBaettle_inoffiziel_weiss-150x150.png 150w, https:\/\/www.swampconspiracy.org\/wp-content\/uploads\/2026\/02\/BaerlinPedaelBaettle_inoffiziel_weiss-768x768.png 768w, https:\/\/www.swampconspiracy.org\/wp-content\/uploads\/2026\/02\/BaerlinPedaelBaettle_inoffiziel_weiss-12x12.png 12w, https:\/\/www.swampconspiracy.org\/wp-content\/uploads\/2026\/02\/BaerlinPedaelBaettle_inoffiziel_weiss-600x600.png 600w, https:\/\/www.swampconspiracy.org\/wp-content\/uploads\/2026\/02\/BaerlinPedaelBaettle_inoffiziel_weiss-100x100.png 100w\" sizes=\"auto, (max-width: 1181px) 100vw, 1181px\" \/><\/span><\/figure><\/div>\n\n\n\n<div class=\"wp-block-stackable-heading stk-block-heading stk-block-heading--v2 stk-block stk-55c936f\" id=\"barlin-pedal-battle\" data-block-id=\"55c936f\"><h4 class=\"stk-block-heading__text\">B\u00e4rlin Ped\u00e4l B\u00e4ttle<\/h4><\/div>\n\n\n\n<div class=\"wp-block-stackable-text stk-block-text stk-block stk-1659373\" data-block-id=\"1659373\"><p class=\"stk-block-text__text\"><\/p><\/div>\n\n\n\n<div class=\"wp-block-stackable-button-group stk-block-button-group stk-block stk-9cb17e9\" data-block-id=\"9cb17e9\"><div class=\"stk-row stk-inner-blocks stk-block-content stk-button-group\">\n<div class=\"wp-block-stackable-button stk-block-button is-style-plain stk-block stk-c1d7df9\" data-block-id=\"c1d7df9\"><style>.stk-c1d7df9 .stk-button{background:transparent !important;}<\/style><a class=\"stk-link stk-button stk--hover-effect-darken\" href=\"https:\/\/2020.berlinpedalbattle.de\/\" title=\"https:\/\/2020.berlinpedalbattle.de\/\" target=\"_blank\" rel=\"https:\/\/2020.berlinpedalbattle.de\/ noreferrer noopener\"><span class=\"stk-button__inner-text\">Website<\/span><\/a><\/div>\n<\/div><\/div>\n<\/div><\/div><\/div>\n<\/div><\/div>","protected":false},"excerpt":{"rendered":"<p>Sepsyz Website kandziora photo Website Dustown Website B\u00e4rlin Ped\u00e4l B\u00e4ttle Website<\/p>","protected":false},"author":1,"featured_media":0,"parent":16,"menu_order":0,"comment_status":"closed","ping_status":"closed","template":"","meta":{"pgc_sgb_lightbox_settings":"","footnotes":"","_links_to":"","_links_to_target":""},"class_list":["post-52","page","type-page","status-publish","hentry"],"blocksy_meta":[],"_links":{"self":[{"href":"https:\/\/www.swampconspiracy.org\/en\/wp-json\/wp\/v2\/pages\/52","targetHints":{"allow":["GET"]}}],"collection":[{"href":"https:\/\/www.swampconspiracy.org\/en\/wp-json\/wp\/v2\/pages"}],"about":[{"href":"https:\/\/www.swampconspiracy.org\/en\/wp-json\/wp\/v2\/types\/page"}],"author":[{"embeddable":true,"href":"https:\/\/www.swampconspiracy.org\/en\/wp-json\/wp\/v2\/users\/1"}],"replies":[{"embeddable":true,"href":"https:\/\/www.swampconspiracy.org\/en\/wp-json\/wp\/v2\/comments?post=52"}],"version-history":[{"count":14,"href":"https:\/\/www.swampconspiracy.org\/en\/wp-json\/wp\/v2\/pages\/52\/revisions"}],"predecessor-version":[{"id":7688,"href":"https:\/\/www.swampconspiracy.org\/en\/wp-json\/wp\/v2\/pages\/52\/revisions\/7688"}],"up":[{"embeddable":true,"href":"https:\/\/www.swampconspiracy.org\/en\/wp-json\/wp\/v2\/pages\/16"}],"wp:attachment":[{"href":"https:\/\/www.swampconspiracy.org\/en\/wp-json\/wp\/v2\/media?parent=52"}],"curies":[{"name":"wp","href":"https:\/\/api.w.org\/{rel}","templated":true}]}}