{"id":23,"date":"2015-11-18T23:17:23","date_gmt":"2015-11-18T22:17:23","guid":{"rendered":"http:\/\/www.swampconspiracy.org\/?page_id=23"},"modified":"2025-05-26T16:42:03","modified_gmt":"2025-05-26T14:42:03","slug":"impressum","status":"publish","type":"page","link":"https:\/\/www.swampconspiracy.org\/en\/impressum\/","title":{"rendered":"Impressum"},"content":{"rendered":"<p>Angaben gem\u00e4\u00df \u00a7 5 TMG:<\/p>\n<p>Kontakt:<\/p>\n<p><strong>Swamp Conspiracy e. V.<\/strong><br \/>\nc\/o Marian-Gero Leifert<\/p>\n<p>Karl-Wilker-Stra\u00dfe 13<\/p>\n<p>10317 Berlin<\/p>\n<p>info(at)swampconspiracy.org<\/p>\n<p><strong>vertretungsberechtigter Vereinsvorstand:<\/strong><br \/>\nMarian-Gero Leifert<\/p>\n<p>Dietrich Benthin<\/p>\n<p>Sebastian Meusel<\/p>\n<p>eingetragen beim Amtsgericht Charlottenburg (Berlin).<br \/>\nAktenzeichen: VR 35825 B<\/p>\n<p>verantwortlich f\u00fcr die Inhalte von swampconspiracy.org ist nach \u00a7 55 Absatz 2 RStV: Virginia Wegner, info (at)swampconspiracy.org<\/p>\n<p>Diese Impressum gilt auch f\u00fcr:<\/p>\n<ul>\n<li>Facebook:\u00a0<a href=\"https:\/\/de-de.facebook.com\/swamp.conspiracy\/\">https:\/\/de-de.facebook.com\/swamp.conspiracy\/<\/a><\/li>\n<li>Instagram: <a href=\"https:\/\/www.instagram.com\/swamp.conspiracy\/\" target=\"_blank\" rel=\"noopener\">https:\/\/www.instagram.com\/swamp.conspiracy\/<\/a><\/li>\n<\/ul>\n<p><strong>Haftungsausschluss:<\/strong><br \/>\nSwamp Conspiracy e. V. \u00fcbernimmt keine Garantie daf\u00fcr, dass die auf dieser Webseite bereit gestellten Informationen vollst\u00e4ndig, richtig und in jedem Fall aktuell sind. Insbesondere \u00fcbernimmt Swamp Conspiracy e. V. keine Haftung f\u00fcr Inhalte, die ausdr\u00fccklich oder konkludent als fremde Inhalte gekennzeichnet sind. Swamp Conspiracy e. V. ist nicht daf\u00fcr verantwortlich, dass solche Inhalte vollst\u00e4ndig, richtig, aktuell und rechtm\u00e4\u00dfig sind und nicht in unzul\u00e4ssiger Weise in Rechtsg\u00fcter Dritter eingreifen. Dies gilt auch f\u00fcr Inhalte von Webseiten, auf die durch einen Link verwiesen wird.<\/p>\n<p>Swamp Conspiracy e. V. beh\u00e4lt sich das Recht vor, ohne vorherige Ank\u00fcndigung \u00c4nderungen oder Erg\u00e4nzungen der bereitgestellten Informationen vorzunehmen oder diese zu entfernen.<\/p>\n<p>Auf keinen Fall haftet Swamp Conspiracy e. V. f\u00fcr Sch\u00e4den, die durch fehlende Nutzungsm\u00f6glichkeiten oder Datenverluste im Zusammenhang mit der Nutzung von Dokumenten oder Informationen bzw. der Erbringung von Dienstleistungen entstehen, die auf dieser Webseite zug\u00e4nglich sind.<\/p>","protected":false},"excerpt":{"rendered":"<p>Angaben gem\u00e4\u00df \u00a7 5 TMG: Kontakt: Swamp Conspiracy e. V. c\/o Marian-Gero Leifert Karl-Wilker-Stra\u00dfe 13 10317 Berlin info(at)swampconspiracy.org vertretungsberechtigter Vereinsvorstand: Marian-Gero Leifert Dietrich Benthin Sebastian Meusel eingetragen beim Amtsgericht Charlottenburg (Berlin). Aktenzeichen: VR 35825 B verantwortlich f\u00fcr die Inhalte von swampconspiracy.org ist nach \u00a7 55 Absatz 2 RStV: Virginia Wegner, info (at)swampconspiracy.org Diese Impressum gilt [&hellip;]<\/p>","protected":false},"author":1,"featured_media":0,"parent":0,"menu_order":0,"comment_status":"closed","ping_status":"closed","template":"","meta":{"pgc_sgb_lightbox_settings":"","footnotes":"","_links_to":"","_links_to_target":""},"class_list":["post-23","page","type-page","status-publish","hentry"],"blocksy_meta":[],"_links":{"self":[{"href":"https:\/\/www.swampconspiracy.org\/en\/wp-json\/wp\/v2\/pages\/23","targetHints":{"allow":["GET"]}}],"collection":[{"href":"https:\/\/www.swampconspiracy.org\/en\/wp-json\/wp\/v2\/pages"}],"about":[{"href":"https:\/\/www.swampconspiracy.org\/en\/wp-json\/wp\/v2\/types\/page"}],"author":[{"embeddable":true,"href":"https:\/\/www.swampconspiracy.org\/en\/wp-json\/wp\/v2\/users\/1"}],"replies":[{"embeddable":true,"href":"https:\/\/www.swampconspiracy.org\/en\/wp-json\/wp\/v2\/comments?post=23"}],"version-history":[{"count":9,"href":"https:\/\/www.swampconspiracy.org\/en\/wp-json\/wp\/v2\/pages\/23\/revisions"}],"predecessor-version":[{"id":6170,"href":"https:\/\/www.swampconspiracy.org\/en\/wp-json\/wp\/v2\/pages\/23\/revisions\/6170"}],"wp:attachment":[{"href":"https:\/\/www.swampconspiracy.org\/en\/wp-json\/wp\/v2\/media?parent=23"}],"curies":[{"name":"wp","href":"https:\/\/api.w.org\/{rel}","templated":true}]}}