{"id":16,"date":"2016-05-22T17:05:01","date_gmt":"2016-05-22T15:05:01","guid":{"rendered":"http:\/\/www.swampconspiracy.org\/?page_id=16"},"modified":"2020-01-22T20:12:27","modified_gmt":"2020-01-22T19:12:27","slug":"about","status":"publish","type":"page","link":"https:\/\/www.swampconspiracy.org\/en\/about\/","title":{"rendered":"About"},"content":{"rendered":"<p>Wir sind die Swamp Conspiracy \u2013 wenigstens ein Teil davon!<\/p>\n<p><a href=\"http:\/\/www.swampconspiracy.org\/wp-content\/uploads\/2016\/05\/BSF2017.jpg\"><img loading=\"lazy\" decoding=\"async\" class=\"alignnone wp-image-1568 size-full\" src=\"http:\/\/www.swampconspiracy.org\/wp-content\/uploads\/2016\/05\/BSF2017.jpg\" alt=\"Swamp_Conspiracy_Swamp_Fest_2016\" width=\"720\" height=\"540\" \/><\/a><\/p>\n<p><strong>DE<\/strong><\/p>\n<h1><strong>Vereinsziele Swamp Conspiracy<\/strong><\/h1>\n<p>Der Verein setzt sich daf\u00fcr ein, dass Berlin und das Umland eine kreative Spielwiese f\u00fcr Musiker*innen, K\u00fcnstler*innen und Kulturschaffende ist, die Genregrenzen aufbrechen und neue Wege gehen wollen. Daf\u00fcr planen und organisieren wir Shows, Events und Workshops, die den Berliner Untergrund vernetzen und st\u00e4rken. Gemeinsam sorgen wir daf\u00fcr, dass Berlin auch in Zukunft ein Zuhause f\u00fcr alle sein kann, die sich selbst verwirklichen wollen \u2013 egal, woher sie kommen und was sie antreibt.<\/p>\n<p><strong>Unsere Werte:<\/strong><\/p>\n<p><strong>Freundschaft<\/strong> \u2013 Wir sind Freund*innen. Gemeinsam wollen wir die Szene, in der wir uns zu Hause f\u00fchlen, unterst\u00fctzen und einander mit Rat und Tat zur Seite stehen.<\/p>\n<p><strong>Offenheit<\/strong> \u2013 Neuen Ideen und Projekten stehen wir offen gegen\u00fcber. Wer sich uns anschlie\u00dfen oder eine Idee umsetzen m\u00f6chte, findet bei uns ein offenes Ohr.<\/p>\n<p><strong>Hilfsbereitschaft<\/strong> \u2013 Wir unterst\u00fctzen uns gegenseitig und andere Projekte, Vereine, R\u00e4ume, Veranstaltende und Kulturschaffende im Berliner Gro\u00dfraum. Denn wir glauben, dass wir gemeinsam mehr erreichen k\u00f6nnen. Daher bieten wir unsere Hilfe allen an, die uns darum bitten.<\/p>\n<p><strong>Selbstverwirklichung<\/strong> \u2013 Wir wollen, dass sich die Szene frei von reinen Profitinteressen kreativ entwickeln kann. Daf\u00fcr braucht es Freir\u00e4ume, in denen sich einzelne Personen und Gruppen weiterentwickeln und dazulernen k\u00f6nnen. Jede*r kann sich bei uns verwirklichen, eigene Projekte umsetzen oder Mitstreitende finden.<\/p>\n<p><strong>DIY <\/strong>\u2013 Wir packen selbst an. Wir wollen so viel wie m\u00f6glich selbst gestalten, bestimmen und umsetzen k\u00f6nnen. Um eine gute Qualit\u00e4t bei unseren Projekten zu gew\u00e4hrleisten, arbeiten wir mit erfahrenen Unterst\u00fctzenden der Szene zusammen und vernetzen diese dadurch auch untereinander.<\/p>\n<p><strong>EN<\/strong><\/p>\n<p><strong>What we strive for \u2013 Swamp Conspiracy<\/strong><\/p>\n<p>The non-profit organisation strives to make Berlin and surroundings a creative playground for musicians, artists and other creative forces that want to break up genre boundaries and explore new paths. We organise shows, events and workshops with the aim to strenghten and interconnect the Berlin underground. Together we ensure, that Berlin will stay a home for anybody that wishes to realise themselves \u2013 wherever they come from or whatever drives them.<\/p>\n<p><strong>Our Goals:<\/strong><\/p>\n<p><strong>Friendship \u2013<\/strong> We are friends. Together, we want to support the scene we call home and support each other.<\/p>\n<p><strong>Openness \u2013<\/strong> We are open for new ideas and projects. Whoever wants to join us or turn an idea into action, can come forward at any time.<\/p>\n<p><strong>Cooperativeness \u2013<\/strong> We support each other and other projects, groups, venues, organizers and creative people in the greater Berlin area. We strongly believe that we can achieve more if we work together. Thus, we offer help to everyone that asks for it.<\/p>\n<p><strong>Personal growth \u2013<\/strong> We want to make sure that the scene can develop independently from pure interest in profits. Therefore, open-minded spaces are necessary where individuals and groups can learn and grow. Every person can further develop or set up their own projects and find companions in the Swamp Conspiracy.<\/p>\n<p><strong>DIY \u2013<\/strong> We tackle projects ourselves. We would like to shape, decide and implement as much as possible ourselves throughout the process. To provide a good quality in our projects, we work with proven experts and supporters of the scene and thus connect them with each other as well.<\/p>\n<p><center><a href=\"https:\/\/www.swampconspiracy.org\/en\/about\/kontakt\/\">Kontakt<\/a> | <a href=\"https:\/\/www.swampconspiracy.org\/en\/about\/partner\/\">Partner<\/a><\/center><\/p>","protected":false},"excerpt":{"rendered":"<p>Wir sind die Swamp Conspiracy \u2013 wenigstens ein Teil davon! DE Vereinsziele Swamp Conspiracy Der Verein setzt sich daf\u00fcr ein, dass Berlin und das Umland eine kreative Spielwiese f\u00fcr Musiker*innen, K\u00fcnstler*innen und Kulturschaffende ist, die Genregrenzen aufbrechen und neue Wege gehen wollen. Daf\u00fcr planen und organisieren wir Shows, Events und Workshops, die den Berliner Untergrund [&hellip;]<\/p>","protected":false},"author":1,"featured_media":0,"parent":0,"menu_order":0,"comment_status":"closed","ping_status":"closed","template":"","meta":{"pgc_sgb_lightbox_settings":"","footnotes":"","_links_to":"","_links_to_target":""},"class_list":["post-16","page","type-page","status-publish","hentry"],"blocksy_meta":[],"_links":{"self":[{"href":"https:\/\/www.swampconspiracy.org\/en\/wp-json\/wp\/v2\/pages\/16","targetHints":{"allow":["GET"]}}],"collection":[{"href":"https:\/\/www.swampconspiracy.org\/en\/wp-json\/wp\/v2\/pages"}],"about":[{"href":"https:\/\/www.swampconspiracy.org\/en\/wp-json\/wp\/v2\/types\/page"}],"author":[{"embeddable":true,"href":"https:\/\/www.swampconspiracy.org\/en\/wp-json\/wp\/v2\/users\/1"}],"replies":[{"embeddable":true,"href":"https:\/\/www.swampconspiracy.org\/en\/wp-json\/wp\/v2\/comments?post=16"}],"version-history":[{"count":11,"href":"https:\/\/www.swampconspiracy.org\/en\/wp-json\/wp\/v2\/pages\/16\/revisions"}],"predecessor-version":[{"id":4367,"href":"https:\/\/www.swampconspiracy.org\/en\/wp-json\/wp\/v2\/pages\/16\/revisions\/4367"}],"wp:attachment":[{"href":"https:\/\/www.swampconspiracy.org\/en\/wp-json\/wp\/v2\/media?parent=16"}],"curies":[{"name":"wp","href":"https:\/\/api.w.org\/{rel}","templated":true}]}}