{"id":152,"date":"2016-05-21T20:16:16","date_gmt":"2016-05-21T18:16:16","guid":{"rendered":"http:\/\/www.swampconspiracy.org\/?page_id=152"},"modified":"2024-02-25T20:17:42","modified_gmt":"2024-02-25T19:17:42","slug":"anfahrt","status":"publish","type":"page","link":"https:\/\/www.swampconspiracy.org\/en\/festival\/anfahrt\/","title":{"rendered":"Anfahrt"},"content":{"rendered":"<p><center><\/center><\/p>\n<h2><\/h2>\n<h2>Adresse: Neue Zukunft, Alt-Stralau 68, 10245 Berlin<\/h2>\n<h2>mit dem Auto:<\/h2>\n<h3>aus Richtung Hamburg:<\/h3>\n<p>Abfahrt Dreieck Pankow in Richtung A114 in Richtung Berlin-Zentrum\/Berlin-Pankow. Weiter auf B109 und B96a (\u00fcber Danziger Stra\u00dfe und Stralauer Allee). Auf der Stralauer Allee geradeaus bis Alt-Stralau 68, 10245 Berlin.<\/p>\n<h3>aus Richtung Leipzig\/Hannover:<\/h3>\n<p>A115 in Richtung Berlin-Tegel Flughafen folgen, dann Abfahrt A100 Richtung Wilmersdorf\/Kurf\u00fcrstendamm\/Flughafen Sch\u00f6nefeld. Ausfahrt 24 auf Buschkrugallee, weiter auf Karl-Marx-Stra\u00dfe. Rechts auf Kirchhofstra\u00dfe, rechts auf Richardplatz, links auf Hertzbergstra\u00dfe, weiter auf Treptower Stra\u00dfe. Links auf Harzer Stra\u00dfe, rechts auf Elsenstra\u00dfe, weiter auf An den Treptowers\/B96a, rechts abbiegen auf Alt-Stralau 68, 10245 Berlin.<\/p>\n<h2>mit dem Zug\/\u00d6ffis:<\/h2>\n<p>Ringbahn S41\/S42 bis Ostkreuz. Ausgang Hauptstra\u00dfe. Entlang Markgrafendamm, links auf Alt-Stralau 68. 1km Fu\u00dfweg. S-Bahn bis Treptower Park, \u00fcber Parkweg auf Elsenbr\u00fccke. Links abbiegen auf Alt-Stralau 68, 600m Fu\u00dfweg.<\/p>","protected":false},"excerpt":{"rendered":"<p>Adresse: Neue Zukunft, Alt-Stralau 68, 10245 Berlin mit dem Auto: aus Richtung Hamburg: Abfahrt Dreieck Pankow in Richtung A114 in Richtung Berlin-Zentrum\/Berlin-Pankow. Weiter auf B109 und B96a (\u00fcber Danziger Stra\u00dfe und Stralauer Allee). Auf der Stralauer Allee geradeaus bis Alt-Stralau 68, 10245 Berlin. aus Richtung Leipzig\/Hannover: A115 in Richtung Berlin-Tegel Flughafen folgen, dann Abfahrt A100 [&hellip;]<\/p>","protected":false},"author":1,"featured_media":0,"parent":8,"menu_order":5,"comment_status":"closed","ping_status":"closed","template":"","meta":{"pgc_sgb_lightbox_settings":"","footnotes":"","_links_to":"","_links_to_target":""},"class_list":["post-152","page","type-page","status-publish","hentry"],"blocksy_meta":[],"_links":{"self":[{"href":"https:\/\/www.swampconspiracy.org\/en\/wp-json\/wp\/v2\/pages\/152","targetHints":{"allow":["GET"]}}],"collection":[{"href":"https:\/\/www.swampconspiracy.org\/en\/wp-json\/wp\/v2\/pages"}],"about":[{"href":"https:\/\/www.swampconspiracy.org\/en\/wp-json\/wp\/v2\/types\/page"}],"author":[{"embeddable":true,"href":"https:\/\/www.swampconspiracy.org\/en\/wp-json\/wp\/v2\/users\/1"}],"replies":[{"embeddable":true,"href":"https:\/\/www.swampconspiracy.org\/en\/wp-json\/wp\/v2\/comments?post=152"}],"version-history":[{"count":8,"href":"https:\/\/www.swampconspiracy.org\/en\/wp-json\/wp\/v2\/pages\/152\/revisions"}],"predecessor-version":[{"id":5170,"href":"https:\/\/www.swampconspiracy.org\/en\/wp-json\/wp\/v2\/pages\/152\/revisions\/5170"}],"up":[{"embeddable":true,"href":"https:\/\/www.swampconspiracy.org\/en\/wp-json\/wp\/v2\/pages\/8"}],"wp:attachment":[{"href":"https:\/\/www.swampconspiracy.org\/en\/wp-json\/wp\/v2\/media?parent=152"}],"curies":[{"name":"wp","href":"https:\/\/api.w.org\/{rel}","templated":true}]}}