{"id":145,"date":"2016-05-21T20:04:35","date_gmt":"2016-05-21T18:04:35","guid":{"rendered":"http:\/\/www.swampconspiracy.org\/?page_id=145"},"modified":"2025-10-22T15:16:58","modified_gmt":"2025-10-22T13:16:58","slug":"info-faq","status":"publish","type":"page","link":"https:\/\/www.swampconspiracy.org\/en\/festival\/info-faq\/","title":{"rendered":"Info \/ FAQ"},"content":{"rendered":"<h2>Wie komme ich an die Tickets und was kosten sie?<\/h2>\n<ul>\n<li><em>wird f\u00fcr 2026 aktualisiert.<\/em><\/li>\n<\/ul>\n<p>Du kannst dein Ticket an einer der VVK-Stellen erwerben oder direkt zu Hause ausdrucken(s. Punkt <a href=\"https:\/\/www.swampconspiracy.org\/en\/festival\/tickets\/\" target=\"_blank\" rel=\"noopener noreferrer\"><strong>Tickets<\/strong><\/a>).<\/p>\n<p>Bei Fragen kannst du uns gern jederzeit unter info (at) swampconspiracy (dot) org anschreiben.<\/p>\n<h2>Wann geht es los?<\/h2>\n<ul>\n<li><em>wird f\u00fcr 2026 aktualisiert.<\/em><\/li>\n<\/ul>\n<p>Donnerstag:<br \/>\nFreitag:<br \/>\nSamstag:<\/p>\n<p>Das Horrorkino startet am Freitag und Samstag jeweils mit &#8222;Doors&#8220; und l\u00e4uft dann in Wiederholungen bis zum Ende der letzten Band durch.<\/p>\n<h2>Gibt es Essen und Getr\u00e4nke auf dem Gel\u00e4nde?<\/h2>\n<p>Auf dem Gel\u00e4nde versorgen euch unsere Partner mit leckerem Essen zu fairen Preisen. Die Hausmarke kostet in der Neuen Zukunft zwischen 4 und 5 \u20ac, Softdrinks kosten zwischen 3 und 4 \u20ac.<\/p>\n<h2>Kann ich das Gel\u00e4nde verlassen?<\/h2>\n<p>Ja, mit dem B\u00e4ndchen bzw. Stempel f\u00fcr Tagesg\u00e4ste kannst du jederzeit das Gel\u00e4nde verlassen. Beachte bitte, dass du keine Fremdgetr\u00e4nke wieder mit auf das Gel\u00e4nde bringst.<\/p>\n<p><img decoding=\"async\" src=\"http:\/\/www.swampconspiracy.org\/wp-content\/uploads\/2016\/05\/Boiler_Robert002.jpg\" alt=\"Boiler_Berlin_Swamp_Fest_2015\" \/><\/p>\n<h2>Wie ist die Parkplatzsituation am Festivalgel\u00e4nde?<\/h2>\n<p>Leider schlecht. Eine Anreise mit den \u00f6ffentlichen Verkehrsmitteln ist ratsam.<\/p>\n<h2>Darf ich am Swamp Fest teilnehmen, wenn ich noch minderj\u00e4hrig bin?<\/h2>\n<p>Leider nicht. Der Zutritt ist ab 18 Jahren gestattet, da wir unter anderem Filme zeigen, die dem Jugendschutzgesetz unterliegen.<\/p>\n<h2>An wen muss ich mich wenden, wenn ich etwas verloren habe?<\/h2>\n<p>Wende dich am besten direkt an die Neue <a href=\"https:\/\/neue-zukunft.org\/\" target=\"_blank\" rel=\"noopener noreferrer\">Zukunft<\/a>. Pass auf deinen Kram auf, da du selbst daf\u00fcr haftest.<\/p>\n<h2>Darf ich privat Fotos machen?<\/h2>\n<p>Ja, private Fotos sind erlaubt. Willst du diese \u00f6ffentlich f\u00fcr Dritte zug\u00e4nglich machen oder weiterverbreiten, kontaktiere uns bitte im Vorfeld (info (at) swampconspiracy.org). Das ist ein Zeichen des Respekts gegen\u00fcber unseren Fotograf\/innen.<\/p>\n<h2>Werden von mir Fotos im Laufe des Festivals gemacht?<\/h2>\n<p>Ja, wir haben sehr talentierte befreundete Fotografinnen und Fotografen, die das Berlin Swamp Fest und unsere anderen Veranstaltungen begleiten und den Spirit einfangen. Wenn du nicht auf einem Bild sein m\u00f6chtest oder ein Foto entdeckt hast, das dir nicht gef\u00e4llt, schreibe uns gern eine E-Mail an info (at) swampconspiracy.org und wir entfernen es \ud83d\ude42<\/p>\n<h2>Habe ich was vergessen?<\/h2>\n<p>Die Hausordnung der <a href=\"https:\/\/neue-zukunft.org\/\" target=\"_blank\" rel=\"noopener noreferrer\">Neuen Zukunft<\/a> gilt. Keine Nazis, keine Tiere, keine P\u00f6beleien, keine Fremdgetr\u00e4nke, kein Bullshit. Nur Spa\u00df und gute Musik.<\/p>\n<p><img decoding=\"async\" src=\"http:\/\/www.swampconspiracy.org\/wp-content\/uploads\/2016\/05\/DownOnKneesImWeek_2.jpg\" alt=\"Down_on_my_knees_Im_weak_Berlin_Swamp_Fest_2015\" \/><\/p>","protected":false},"excerpt":{"rendered":"<p>Wie komme ich an die Tickets und was kosten sie? wird f\u00fcr 2026 aktualisiert. Du kannst dein Ticket an einer der VVK-Stellen erwerben oder direkt zu Hause ausdrucken(s. Punkt Tickets). Bei Fragen kannst du uns gern jederzeit unter info (at) swampconspiracy (dot) org anschreiben. Wann geht es los? wird f\u00fcr 2026 aktualisiert. Donnerstag: Freitag: Samstag: [&hellip;]<\/p>","protected":false},"author":1,"featured_media":0,"parent":8,"menu_order":6,"comment_status":"closed","ping_status":"closed","template":"","meta":{"pgc_sgb_lightbox_settings":"","footnotes":"","_links_to":"","_links_to_target":""},"class_list":["post-145","page","type-page","status-publish","hentry"],"blocksy_meta":[],"_links":{"self":[{"href":"https:\/\/www.swampconspiracy.org\/en\/wp-json\/wp\/v2\/pages\/145","targetHints":{"allow":["GET"]}}],"collection":[{"href":"https:\/\/www.swampconspiracy.org\/en\/wp-json\/wp\/v2\/pages"}],"about":[{"href":"https:\/\/www.swampconspiracy.org\/en\/wp-json\/wp\/v2\/types\/page"}],"author":[{"embeddable":true,"href":"https:\/\/www.swampconspiracy.org\/en\/wp-json\/wp\/v2\/users\/1"}],"replies":[{"embeddable":true,"href":"https:\/\/www.swampconspiracy.org\/en\/wp-json\/wp\/v2\/comments?post=145"}],"version-history":[{"count":40,"href":"https:\/\/www.swampconspiracy.org\/en\/wp-json\/wp\/v2\/pages\/145\/revisions"}],"predecessor-version":[{"id":7517,"href":"https:\/\/www.swampconspiracy.org\/en\/wp-json\/wp\/v2\/pages\/145\/revisions\/7517"}],"up":[{"embeddable":true,"href":"https:\/\/www.swampconspiracy.org\/en\/wp-json\/wp\/v2\/pages\/8"}],"wp:attachment":[{"href":"https:\/\/www.swampconspiracy.org\/en\/wp-json\/wp\/v2\/media?parent=145"}],"curies":[{"name":"wp","href":"https:\/\/api.w.org\/{rel}","templated":true}]}}